{"id":897,"date":"2025-09-03T14:35:56","date_gmt":"2025-09-03T18:35:56","guid":{"rendered":"https:\/\/ecoleouverte.ca\/nouveau-titre\/"},"modified":"2025-09-03T14:44:28","modified_gmt":"2025-09-03T18:44:28","slug":"nouveau-titre","status":"publish","type":"page","link":"https:\/\/ecoleouverte.ca\/en\/nouveau-titre\/","title":{"rendered":"titre anglais"},"content":{"rendered":"<div class='htb htb-bootsrap-container '><div class=\"wp-bootstrap-blocks-container container mb-0\">\n\t\n<div class=\"wp-bootstrap-blocks-row row\">\n\t\n\n<div class=\"col-12 col-md-3\">\n\t\t\t\n\n\t<\/div>\n\n\n\n<div class=\"col-12 col-md-9\">\n\t\t\t\n<div class=\"wp-bootstrap-blocks-row row\">\n\t\n\n<div class=\"col-12 col-md-8\">\n\t\t\t\n\n<h1 class=\"wp-block-heading\">Nouveau titre<\/h1>\n\n\n\n<p>Le service national du R\u00c9CIT pour l\u2019\u00e9ducation pr\u00e9scolaire offre un accompagnement sp\u00e9cialis\u00e9 pour soutenir l\u2019int\u00e9gration du num\u00e9rique en contexte p\u00e9dagogique.<\/p>\n\n\t<\/div>\n\n\n\n<div class=\"col-12 col-md-4\">\n\t\t\t\n<div class=\"htb htb-partage   default-margin-top  default-margin-bottom  bg-color color-gray  htb-uid-2 \">\n    <div class=\"container-xl p-0\">\n        <div class=\"row\">\n            <div class=\"col-12\">\n                <div class=\"partage-inner bg-color color-gray\">\n                    <p class=\"title\"><b>Nous suivre<\/b><\/p>                                            <div class=\"socials\">\n                            \n                                        <a class=\"social\" href=\"https:\/\/www.facebook.com\/groups\/414640485789884\/\" target=\"_blank\">\n                                            <img decoding=\"async\" src=\"https:\/\/ecoleouverte.ca\/wp-content\/uploads\/2025\/06\/facebook.svg\" alt=\"facebook\" class=\"img-fluid\">\n                                        <\/a>\n                                    \n                                        <a class=\"social\" href=\"https:\/\/www.instagram.com\/recit_presco\/\" target=\"_blank\">\n                                            <img decoding=\"async\" src=\"https:\/\/ecoleouverte.ca\/wp-content\/uploads\/2025\/06\/instagram.svg\" alt=\"Instagram\" class=\"img-fluid\">\n                                        <\/a>\n                                    \n                                        <a class=\"social\" href=\"https:\/\/www.youtube.com\/channel\/UCZRY0hRcV-DPPCn2vOF9AtA\" target=\"_blank\">\n                                            <img decoding=\"async\" src=\"https:\/\/ecoleouverte.ca\/wp-content\/uploads\/2025\/06\/youtube.svg\" alt=\"Youtube\" class=\"img-fluid\">\n                                        <\/a>\n                                    \n                                        <a class=\"social\" href=\"https:\/\/www.pinterest.ca\/recitpresco\/\" target=\"_blank\">\n                                            <img decoding=\"async\" src=\"https:\/\/ecoleouverte.ca\/wp-content\/uploads\/2025\/06\/pinterest.svg\" alt=\"Pinterest\" class=\"img-fluid\">\n                                        <\/a>\n                                                            <\/div>\n                                            <div class=\"bts-box\">\n                                            <\/div>\n                                            <div class=\"emails\">\n                                                                <a class=\"btn-link email\" href=\"mailto:presco@recit.gouv.qc.ca\" target=\"_blank\">presco@recit.gouv.qc.ca<\/a>\n                                                        <\/div>\n                                        <\/div>\n            <\/div>\n        <\/div>\n    <\/div>\n<\/div>\n\t<\/div>\n\n<\/div>\n\n\n<div class=\"htb htb-espacement-custom espacement-large-xx   default-margin-top  default-margin-bottom  htb-uid-3 \" ><\/div>\n\n<div class=\"wp-bootstrap-blocks-row row\">\n\t\n\n<div class=\"col-12 col-md-12\">\n\t\t\t\n\n<h2 class=\"wp-block-heading\">D\u00e9couvrir le service<\/h2>\n\n\n<div class=\"htb htb-tuiles-cliquables   default-margin-top  default-margin-bottom  htb-uid-4 \" >\n    <div class=\"container-xl p-0\">\n        <div class=\"row tuiles\">\n\n            \n                    <div class=\"tuile-cliquable col-12 col-md-6 matchHeight  tuile-lien-externe  tuile-titre-icone-description\">\n\n                                                        <a class=\"\" href=\"https:\/\/recitpresco.qc.ca\/fr\/robotiquecodage\" target=\"_blank\">\n                            \n\n                        <div class=\"tuile-inner\">\n                            <div class=\"titre-icone-wrapper\">\n                                \n                                <p class=\"titre\"><b>Robotique et programmation<\/b><\/p>\n                            <\/div>\n\n                                                            <div class=\"description\">\n                                    <p>Une multitude d\u2019activit\u00e9s et de ressources sont disponibles pour faciliter l\u2019int\u00e9gration d\u2019objets robotis\u00e9s en classe. Celles-ci facilitent la r\u00e9alisation de projets p\u00e9dagogiques simples et adapt\u00e9s aux enfants d\u2019\u00e2ge pr\u00e9scolaire. De plus, trois autoformations sont disponibles dans Campus R\u00c9CIT.<\/p>\n                                <\/div>\n                                                    <\/div>\n\n                                                        <\/a>\n                                                <\/div>\n\n                \n                    <div class=\"tuile-cliquable col-12 col-md-6 matchHeight  tuile-lien-externe  tuile-titre-icone-description\">\n\n                                                        <a class=\"\" href=\"https:\/\/recitpresco.qc.ca\/fr\/tablette-tactile\/tablette-tactile\" target=\"_blank\">\n                            \n\n                        <div class=\"tuile-inner\">\n                            <div class=\"titre-icone-wrapper\">\n                                \n                                <p class=\"titre\"><b>Tablette num\u00e9rique<\/b><\/p>\n                            <\/div>\n\n                                                            <div class=\"description\">\n                                    <p>Plusieurs ressources sont offertes pour un usage p\u00e9dagogique de la tablette num\u00e9rique. Par exemple, des cartes de codes QR qui permettent la cr\u00e9ation d\u2019un centre d\u2019\u00e9coute autonome pour les enfants.<\/p>\n                                <\/div>\n                                                    <\/div>\n\n                                                        <\/a>\n                                                <\/div>\n\n                \n                    <div class=\"tuile-cliquable col-12 col-md-6 matchHeight  tuile-lien-externe  tuile-titre-icone-description\">\n\n                                                        <a class=\"\" href=\"https:\/\/recitpresco.qc.ca\/fr\/themes-tic\/themes-tic\" target=\"_blank\">\n                            \n\n                        <div class=\"tuile-inner\">\n                            <div class=\"titre-icone-wrapper\">\n                                \n                                <p class=\"titre\"><b>Th\u00e8mes \u00e0 TIC<\/b><\/p>\n                            <\/div>\n\n                                                            <div class=\"description\">\n                                    <p>Des suggestions d\u2019activit\u00e9s pour vivre des ateliers \u00e0 l\u2019ordinateur, sur la tablette tactile ou au tableau num\u00e9rique interactif. De nombreuses chansons et vid\u00e9os \u00e9ducatives en lien avec plus de quarante th\u00e8mes populaires au pr\u00e9scolaire sont aussi propos\u00e9es.<\/p>\n                                <\/div>\n                                                    <\/div>\n\n                                                        <\/a>\n                                                <\/div>\n\n                \n                    <div class=\"tuile-cliquable col-12 col-md-6 matchHeight  tuile-lien-externe  tuile-titre-icone-description\">\n\n                                                        <a class=\"\" href=\"https:\/\/recitpresco.qc.ca\/fr\/tni\/tni\" target=\"_blank\">\n                            \n\n                        <div class=\"tuile-inner\">\n                            <div class=\"titre-icone-wrapper\">\n                                \n                                <p class=\"titre\"><b>Tableau num\u00e9rique interactif<\/b><\/p>\n                            <\/div>\n\n                                                            <div class=\"description\">\n                                    <p>Dynamiser les routines, diffuser un calendrier annuel interactif ou des d\u00e9comptes\u00a0: l\u2019utilisation est simple et efficace. Des suggestions pour faire bouger les enfants, des jeux en ligne et des outils de gestion de classe sont aussi propos\u00e9s. Des ressources cl\u00e9 en main qui permettent le d\u00e9veloppement des comp\u00e9tences du programme-cycle de l\u2019\u00e9ducation pr\u00e9scolaire.<\/p>\n                                <\/div>\n                                                    <\/div>\n\n                                                        <\/a>\n                                                <\/div>\n\n                        <\/div>\n    <\/div>\n<\/div>\n\t<\/div>\n\n<\/div>\n\n\n<div class=\"htb htb-espacement-custom espacement-large-xx   default-margin-top  default-margin-bottom  htb-uid-5 \" ><\/div>\n\n\n<div style=\"height:39px\" aria-hidden=\"true\" class=\"wp-block-spacer\"><\/div>\n\n\n<div class=\"wp-bootstrap-blocks-row row\">\n\t\n\n<div class=\"col-12 col-md-12\">\n\t\t\t\n\n<h2 class=\"wp-block-heading\">Obtenir un accompagnement personnalis\u00e9<\/h2>\n\n\n\n<p>Un accompagnement peut \u00eatre offert en r\u00e9ponse aux besoins identifi\u00e9s par l\u2019organisme scolaire. Les conseill\u00e8res et conseillers p\u00e9dagogiques, les gestionnaires scolaires et les conseill\u00e8res et conseillers du R\u00c9CIT des CSS et CS sont invit\u00e9s \u00e0 contacter le service national.<\/p>\n\n\n<div class=\"htb htb-boutton   default-margin-top  default-margin-bottom  htb-uid-6  \" >\n\t<a class=\"btn-link email\" href=\"mailto:presco@recit.gouv.qc.ca\" target=\"_blank\" title=\"presco@recit.gouv.qc.ca\"  >presco@recit.gouv.qc.ca<\/a>\n<\/div>\n\t<\/div>\n\n<\/div>\n\n\n<div class=\"htb htb-espacement-custom espacement-large-xx   default-margin-top  default-margin-bottom  htb-uid-7 \" ><\/div>\n\n<div class=\"wp-bootstrap-blocks-row row\">\n\t\n\n<div class=\"col-12 col-md-12\">\n\t\t\t\n<div class=\"htb htb-boite-couleur-avec-padding   default-margin-top  default-margin-bottom  bg-color color-light-blue  htb-uid-9  bg-color color-none \">\n    <div class=\"container p-0\">\n        <div class=\"row\">\n            <div class=\"col-12\">\n\t           \n\n<h2 class=\"wp-block-heading\">Explorer les formations<\/h2>\n\n\n\n<p>Plusieurs formations sont offertes pour permettre la d\u00e9couverte du potentiel du num\u00e9rique au pr\u00e9scolaire. Les formations en pr\u00e9sence sont privil\u00e9gi\u00e9es, car elles sont ax\u00e9es sur la manipulation et l\u2019exp\u00e9rimentation. Des autoformations pour cr\u00e9er des ab\u00e9c\u00e9daires num\u00e9riques et des histoires sonoris\u00e9es, et pour apprendre \u00e0 utiliser la programmation et la robotique en classe sont aussi disponibles. Elles permettent de se former de mani\u00e8re autonome et au rythme souhait\u00e9.<\/p>\n\n\n<div class=\"htb htb-boutton   default-margin-top  default-margin-bottom  htb-uid-8  \" >\n\t<a class=\"btn btn-secondary external-link\" href=\"https:\/\/campus.recit.qc.ca\/course\/index.php?categoryid=5 \" target=\"_blank\" title=\"Voir les formations\"  >Voir les formations<\/a>\n<\/div>\n\n            <\/div>\n        <\/div>\n    <\/div>\n<\/div>\n\t<\/div>\n\n<\/div>\n\n\n<div class=\"htb htb-espacement-custom espacement-large-xx   default-margin-top  default-margin-bottom  htb-uid-10 \" ><\/div>\n\n<div class=\"wp-bootstrap-blocks-row row\">\n\t\n\n<div class=\"col-12 col-md-11\">\n\t\t\t\n<div class=\"htb htb-tuiles-ren   default-margin-top  default-margin-bottom  htb-uid-11 \">\n    <div class=\"container-xl p-0\">\n        <div class=\"row\">\n            <div class=\"col-12\">\n                <h2 class=\"title\">Consulter des ressources incontournables<\/h2>                <div class=\"description\"><p>Ces ressources \u00e9ducatives num\u00e9riques du R\u00c9CIT pour l\u2019\u00e9ducation pr\u00e9scolaire, \u00e0 utiliser dans un contexte d\u2019enseignement et d\u2019apprentissage, sont \u00e0 d\u00e9couvrir.<\/p>\n<\/div>            <\/div>\n        <\/div>\n        <div class=\"row tuiles\">\n            <div class=\"itemLoopSingle col-12 col-md-4\" data-search-index=\"0\">\n    <a class=\"listingItemContainer\" href=\"https:\/\/ecoleouverte.ca\/en\/resources\/43503\" title=\"Promenade sur la Lune.\">\n        <div class=\"listing-item\">\n            <div class=\"image\">\n                <img decoding=\"async\" src=\"https:\/\/eo.koha.collecto.ca\/cgi-bin\/koha\/opac-image.pl?biblionumber=43503\" alt=\"Image repr\u00e9sentant la ressource\">\n            <\/div>\n                        <h3 class=\"title show-as-h5\">Promenade sur la Lune.<\/h3>\n            <div class=\"description\">\n                                Ce petit livre sur le th\u00e8me de l&#8217;espace sert \u00e0 faire bouger les \u00e9l\u00e8ves. L&#8217;histoire active, aussi disponible en version audio int\u00e9gr\u00e9e, est ponctu\u00e9e d&#8217;instructions pour que les \u00e9l\u00e8ves prennent part \u00e0 l&#8217;histoire : fais le d\u00e9compte du d\u00e9collage, enjambe les crat\u00e8res de la Lune, etc.            <\/div>\n            <hr>\n            <div class=\"itemLoopSingle-metas\">\n                                                        <div>\n                        <span class=\"koha-meta-label\">Grade level:<\/span>                         <span class='koha-field'><span class='koha-field-value'>Pr\u00e9scolaire<\/span><\/span>                    <\/div>\n                                                                            <div>\n                        <span class=\"koha-meta-label\">Subject:<\/span>                         <span class='koha-field'><span class='koha-field-value'>Motricit\u00e9<\/span><\/span>                    <\/div>\n                                                <\/div>\n        <\/div>\n    <\/a>\n<\/div>\n<div class=\"itemLoopSingle col-12 col-md-4\" data-search-index=\"0\">\n    <a class=\"listingItemContainer\" href=\"https:\/\/ecoleouverte.ca\/en\/resources\/42695\" title=\"Quand je serai grand...\">\n        <div class=\"listing-item\">\n            <div class=\"image\">\n                <img decoding=\"async\" src=\"https:\/\/eo.koha.collecto.ca\/cgi-bin\/koha\/opac-image.pl?biblionumber=42695\" alt=\"Image repr\u00e9sentant la ressource\">\n            <\/div>\n                        <h3 class=\"title show-as-h5\">Quand je serai grand&#8230;<\/h3>\n            <div class=\"description\">\n                                Cette situation d&#8217;apprentissage et d&#8217;\u00e9valuation am\u00e8ne les enfants \u00e0 se projeter dans l&#8217;avenir. Des livres, des jeux avec chapeaux et costumes ainsi qu&#8217;une causerie les inviteront \u00e0 s&#8217;illustrer pratiquant le m\u00e9tier de leur choix \u00e0 l&#8217;aide d&#8217;un logiciel de dessin. \u00c0 l&#8217;intention des enseignants, le projet est d\u00e9taill\u00e9, une grille d&#8217;observation est disponible et des activit\u00e9s de r\u00e9investissent sont propos\u00e9es.            <\/div>\n            <hr>\n            <div class=\"itemLoopSingle-metas\">\n                                                        <div>\n                        <span class=\"koha-meta-label\">Grade level:<\/span>                         <span class='koha-field'><span class='koha-field-value'>Pr\u00e9scolaire<\/span><\/span>                    <\/div>\n                                                                            <div>\n                        <span class=\"koha-meta-label\">Subjects:<\/span>                         <span class='koha-field'><span class='koha-field-value'>Connaissance de soi | Langage oral | Pens\u00e9e | Motricit\u00e9<\/span><\/span>                    <\/div>\n                                                <\/div>\n        <\/div>\n    <\/a>\n<\/div>\n<div class=\"itemLoopSingle col-12 col-md-4\" data-search-index=\"0\">\n    <a class=\"listingItemContainer\" href=\"https:\/\/ecoleouverte.ca\/en\/resources\/47651\" title=\"Raconte-moi une histoire.\">\n        <div class=\"listing-item\">\n            <div class=\"image\">\n                <img decoding=\"async\" src=\"https:\/\/eo.koha.collecto.ca\/cgi-bin\/koha\/opac-image.pl?biblionumber=47651\" alt=\"Image repr\u00e9sentant la ressource\">\n            <\/div>\n                        <h3 class=\"title show-as-h5\">Raconte-moi une histoire.<\/h3>\n            <div class=\"description\">\n                                Ce projet am\u00e8ne les enfants \u00e0 d\u00e9couvrir et \u00e0 exp\u00e9rimenter les \u00e9tapes de la cr\u00e9ation d&#8217;une histoire. Collectivement, au moyen d&#8217;un logiciel de dessin, d&#8217;un microphone et d&#8217;un logiciel de traitement du son, ils cr\u00e9eront un livre virtuel qui pourra \u00eatre consult\u00e9 en ligne par les \u00e9l\u00e8ves d&#8217;autres classes. Une grille d&#8217;observation, des capsules vid\u00e9o et tous les d\u00e9tails de la SA\u00c9 sont disponibles pour les enseignants.            <\/div>\n            <hr>\n            <div class=\"itemLoopSingle-metas\">\n                                                        <div>\n                        <span class=\"koha-meta-label\">Grade level:<\/span>                         <span class='koha-field'><span class='koha-field-value'>Pr\u00e9scolaire<\/span><\/span>                    <\/div>\n                                                                            <div>\n                        <span class=\"koha-meta-label\">Subjects:<\/span>                         <span class='koha-field'><span class='koha-field-value'>Langage oral | Langage \u00e9crit | Motricit\u00e9 | Pens\u00e9e<\/span><\/span>                    <\/div>\n                                                <\/div>\n        <\/div>\n    <\/a>\n<\/div>\n        <\/div>\n        <div class=\"row\">\n            <div class=\"col-12\">\n                <div class=\"bts-box\">\n                    <a class='btn-link arrow-link' href='https:\/\/ecoleouverte.ca\/en\/resources\/search-results\/?author-name-corporate[]=R%C3%89CIT+%C3%A9ducation+pr%C3%A9scolaire'>Consulter toutes les ressources<\/a>                <\/div>\n            <\/div>\n        <\/div>\n    <\/div>\n<\/div>\n\t<\/div>\n\n<\/div>\n\n\t<\/div>\n\n<\/div>\n\n<\/div>\n<\/div>","protected":false},"excerpt":{"rendered":"","protected":false},"author":1,"featured_media":0,"parent":0,"menu_order":0,"comment_status":"closed","ping_status":"closed","template":"","meta":{"_acf_changed":false,"inline_featured_image":false,"footnotes":""},"class_list":["post-897","page","type-page","status-publish","hentry"],"acf":[],"yoast_head":"<!-- This site is optimized with the Yoast SEO plugin v25.8 - https:\/\/yoast.com\/wordpress\/plugins\/seo\/ -->\n<title>titre anglais | L&#039;\u00c9cole ouverte<\/title>\n<meta name=\"robots\" content=\"index, follow, max-snippet:-1, max-image-preview:large, max-video-preview:-1\" \/>\n<link rel=\"canonical\" href=\"https:\/\/ecoleouverte.ca\/en\/nouveau-titre\" \/>\n<meta property=\"og:locale\" content=\"en_US\" \/>\n<meta property=\"og:type\" content=\"article\" \/>\n<meta property=\"og:title\" content=\"titre anglais | L&#039;\u00c9cole ouverte\" \/>\n<meta property=\"og:url\" content=\"https:\/\/ecoleouverte.ca\/en\/nouveau-titre\/\" \/>\n<meta property=\"og:site_name\" content=\"L&#039;\u00c9cole ouverte\" \/>\n<meta property=\"article:publisher\" content=\"https:\/\/www.facebook.com\/quebeceducation\" \/>\n<meta property=\"article:modified_time\" content=\"2025-09-03T18:44:28+00:00\" \/>\n<meta property=\"og:image\" content=\"https:\/\/ecoleouverte.ca\/wp-content\/uploads\/2025\/08\/ecole-ouverte-social.png\" \/>\n\t<meta property=\"og:image:width\" content=\"1200\" \/>\n\t<meta property=\"og:image:height\" content=\"675\" \/>\n\t<meta property=\"og:image:type\" content=\"image\/png\" \/>\n<meta name=\"twitter:card\" content=\"summary_large_image\" \/>\n<meta name=\"twitter:site\" content=\"@EducationQC\" \/>\n<meta name=\"twitter:label1\" content=\"Est. reading time\" \/>\n\t<meta name=\"twitter:data1\" content=\"1 minute\" \/>\n<script type=\"application\/ld+json\" class=\"yoast-schema-graph\">{\"@context\":\"https:\/\/schema.org\",\"@graph\":[{\"@type\":\"WebPage\",\"@id\":\"https:\/\/ecoleouverte.ca\/en\/nouveau-titre\/\",\"url\":\"https:\/\/ecoleouverte.ca\/en\/nouveau-titre\/\",\"name\":\"titre anglais | L&#039;\u00c9cole ouverte\",\"isPartOf\":{\"@id\":\"https:\/\/ecoleouverte.ca\/en\/#website\"},\"datePublished\":\"2025-09-03T18:35:56+00:00\",\"dateModified\":\"2025-09-03T18:44:28+00:00\",\"breadcrumb\":{\"@id\":\"https:\/\/ecoleouverte.ca\/en\/nouveau-titre\/#breadcrumb\"},\"inLanguage\":\"en-US\",\"potentialAction\":[{\"@type\":\"ReadAction\",\"target\":[\"https:\/\/ecoleouverte.ca\/en\/nouveau-titre\/\"]}]},{\"@type\":\"BreadcrumbList\",\"@id\":\"https:\/\/ecoleouverte.ca\/en\/nouveau-titre\/#breadcrumb\",\"itemListElement\":[{\"@type\":\"ListItem\",\"position\":1,\"name\":\"Home\",\"item\":\"https:\/\/ecoleouverte.ca\/en\/\"},{\"@type\":\"ListItem\",\"position\":2,\"name\":\"titre anglais\"}]},{\"@type\":\"WebSite\",\"@id\":\"https:\/\/ecoleouverte.ca\/en\/#website\",\"url\":\"https:\/\/ecoleouverte.ca\/en\/\",\"name\":\"L'\u00c9cole Ouverte\",\"description\":\"\",\"potentialAction\":[{\"@type\":\"SearchAction\",\"target\":{\"@type\":\"EntryPoint\",\"urlTemplate\":\"https:\/\/ecoleouverte.ca\/en\/?s={search_term_string}\"},\"query-input\":{\"@type\":\"PropertyValueSpecification\",\"valueRequired\":true,\"valueName\":\"search_term_string\"}}],\"inLanguage\":\"en-US\"}]}<\/script>\n<!-- \/ Yoast SEO plugin. -->","yoast_head_json":{"title":"titre anglais | L&#039;\u00c9cole ouverte","robots":{"index":"index","follow":"follow","max-snippet":"max-snippet:-1","max-image-preview":"max-image-preview:large","max-video-preview":"max-video-preview:-1"},"canonical":"https:\/\/ecoleouverte.ca\/en\/nouveau-titre","og_locale":"en_US","og_type":"article","og_title":"titre anglais | L&#039;\u00c9cole ouverte","og_url":"https:\/\/ecoleouverte.ca\/en\/nouveau-titre\/","og_site_name":"L&#039;\u00c9cole ouverte","article_publisher":"https:\/\/www.facebook.com\/quebeceducation","article_modified_time":"2025-09-03T18:44:28+00:00","og_image":[{"width":1200,"height":675,"url":"https:\/\/ecoleouverte.ca\/wp-content\/uploads\/2025\/08\/ecole-ouverte-social.png","type":"image\/png"}],"twitter_card":"summary_large_image","twitter_site":"@EducationQC","twitter_misc":{"Est. reading time":"1 minute"},"schema":{"@context":"https:\/\/schema.org","@graph":[{"@type":"WebPage","@id":"https:\/\/ecoleouverte.ca\/en\/nouveau-titre\/","url":"https:\/\/ecoleouverte.ca\/en\/nouveau-titre\/","name":"titre anglais | L&#039;\u00c9cole ouverte","isPartOf":{"@id":"https:\/\/ecoleouverte.ca\/en\/#website"},"datePublished":"2025-09-03T18:35:56+00:00","dateModified":"2025-09-03T18:44:28+00:00","breadcrumb":{"@id":"https:\/\/ecoleouverte.ca\/en\/nouveau-titre\/#breadcrumb"},"inLanguage":"en-US","potentialAction":[{"@type":"ReadAction","target":["https:\/\/ecoleouverte.ca\/en\/nouveau-titre\/"]}]},{"@type":"BreadcrumbList","@id":"https:\/\/ecoleouverte.ca\/en\/nouveau-titre\/#breadcrumb","itemListElement":[{"@type":"ListItem","position":1,"name":"Home","item":"https:\/\/ecoleouverte.ca\/en\/"},{"@type":"ListItem","position":2,"name":"titre anglais"}]},{"@type":"WebSite","@id":"https:\/\/ecoleouverte.ca\/en\/#website","url":"https:\/\/ecoleouverte.ca\/en\/","name":"L'\u00c9cole Ouverte","description":"","potentialAction":[{"@type":"SearchAction","target":{"@type":"EntryPoint","urlTemplate":"https:\/\/ecoleouverte.ca\/en\/?s={search_term_string}"},"query-input":{"@type":"PropertyValueSpecification","valueRequired":true,"valueName":"search_term_string"}}],"inLanguage":"en-US"}]}},"_links":{"self":[{"href":"https:\/\/ecoleouverte.ca\/en\/wp-json\/wp\/v2\/pages\/897","targetHints":{"allow":["GET"]}}],"collection":[{"href":"https:\/\/ecoleouverte.ca\/en\/wp-json\/wp\/v2\/pages"}],"about":[{"href":"https:\/\/ecoleouverte.ca\/en\/wp-json\/wp\/v2\/types\/page"}],"author":[{"embeddable":true,"href":"https:\/\/ecoleouverte.ca\/en\/wp-json\/wp\/v2\/users\/1"}],"replies":[{"embeddable":true,"href":"https:\/\/ecoleouverte.ca\/en\/wp-json\/wp\/v2\/comments?post=897"}],"version-history":[{"count":2,"href":"https:\/\/ecoleouverte.ca\/en\/wp-json\/wp\/v2\/pages\/897\/revisions"}],"predecessor-version":[{"id":899,"href":"https:\/\/ecoleouverte.ca\/en\/wp-json\/wp\/v2\/pages\/897\/revisions\/899"}],"wp:attachment":[{"href":"https:\/\/ecoleouverte.ca\/en\/wp-json\/wp\/v2\/media?parent=897"}],"curies":[{"name":"wp","href":"https:\/\/api.w.org\/{rel}","templated":true}]}}