{"id":987,"date":"2025-07-02T10:59:16","date_gmt":"2025-07-02T14:59:16","guid":{"rendered":"https:\/\/ecoleouverte.ca\/?page_id=987"},"modified":"2026-04-23T14:25:26","modified_gmt":"2026-04-23T18:25:26","slug":"first-nations-and-inuit","status":"publish","type":"page","link":"https:\/\/ecoleouverte.ca\/en\/first-nations-and-inuit\/","title":{"rendered":"First Nations and Inuit"},"content":{"rendered":"<div class='htb htb-bootsrap-container '><div class=\"wp-bootstrap-blocks-container container mb-0\">\n\t\n<div class=\"wp-bootstrap-blocks-row row\">\n\t\n\n<div class=\"col-12 col-md-3\">\n\t\t\t\n\n\t<\/div>\n\n\n\n<div class=\"col-12 col-md-9\">\n\t\t\t\n<div class=\"wp-bootstrap-blocks-row row\">\n\t\n\n<div class=\"col-12 col-md-8\">\n\t\t\t\n\n<h1 class=\"wp-block-heading\">R\u00c9CIT \u2013 <strong>First Nations and Inuit<\/strong><\/h1>\n\n\n\n<p>The Service national du R\u00c9CIT for the First Nations and Inuit offers specialized support that contributes to the integration of digital technology in an educational context.<\/p>\n\n\t<\/div>\n\n\n\n<div class=\"col-12 col-md-4\">\n\t\t\t\n<div class=\"htb htb-partage   default-margin-top  default-margin-bottom  bg-color color-gray  htb-uid-2 \">\n    <div class=\"container-xl p-0\">\n        <div class=\"row\">\n            <div class=\"col-12\">\n                <div class=\"partage-inner bg-color color-gray\">\n                    <p class=\"title\"><b>Follow us<\/b><\/p>                                        <div class=\"bts-box\">\n                                            <\/div>\n                                            <div class=\"emails\">\n                                                                <a class=\"btn-link email\" href=\"mailto:pni@recit.gouv.qc.ca\" target=\"_blank\">pni@recit.gouv.qc.ca<\/a>\n                                                        <\/div>\n                                        <\/div>\n            <\/div>\n        <\/div>\n    <\/div>\n<\/div>\n\t<\/div>\n\n<\/div>\n\n\n<div class=\"htb htb-espacement-custom espacement-large-xx   default-margin-top  default-margin-bottom  htb-uid-3 \" ><\/div>\n\n<div class=\"wp-bootstrap-blocks-row row\">\n\t\n\n<div class=\"col-12 col-md-12\">\n\t\t\t\n\n<h2 class=\"wp-block-heading\"><strong>Discover the service<\/strong><\/h2>\n\n\t<\/div>\n\n<\/div>\n\n\n<div class=\"htb htb-espacement-custom espacement-small   default-margin-top  default-margin-bottom  htb-uid-4 \" ><\/div>\n\n<div class=\"wp-bootstrap-blocks-row row\">\n\t\n\n<div class=\"col-12 col-md-6\">\n\t\t\t\n\n<h3 class=\"wp-block-heading has-small-font-size\"><strong>Find out more about digital technology<\/strong><\/h3>\n\n\n\n<p>Personalized support gives you the opportunity to discover the educational potential of digital technology and to develop your own digital competency. Support, resources and workshops on subjects such as Minecraft, creating podcasts and artificial intelligence may be offered.<\/p>\n\n\t<\/div>\n\n\n\n<div class=\"col-12 col-md-6\">\n\t\t\t\n\n<h3 class=\"wp-block-heading has-small-font-size\"><strong>Networking<\/strong><\/h3>\n\n\n\n<p>Regular meetings of education stakeholders help participants learn and serve Indigenous communities. These meetings are facilitated to allow for discussions on relevant questions about digital learning. They also help participants draw inspiration from the sharing of resources and encourage collaboration on projects that contribute to student success.<\/p>\n\n\n<div class=\"htb htb-boutton   default-margin-top  default-margin-bottom  htb-uid-5  \" >\n\t<a class=\"btn-link external-link\" href=\"https:\/\/docs.google.com\/forms\/d\/e\/1FAIpQLSdZWKneTdVcAnYCuEplsdjY6c6exQIBEeF00fOYQvgL-UprRQ\/viewform\" target=\"_blank\" title=\"Sign up to participate\"  >Sign up to participate<\/a>\n<\/div>\n\t<\/div>\n\n<\/div>\n\n\n<div class=\"htb htb-espacement-custom espacement-large-xx   default-margin-top  default-margin-bottom  htb-uid-6 \" ><\/div>\n\n<div class=\"wp-bootstrap-blocks-row row\">\n\t\n\n<div class=\"col-12 col-md-12\">\n\t\t\t\n\n<h2 class=\"wp-block-heading\"><strong>Get personalized support<\/strong><\/h2>\n\n\n\n<p>Support may be offered in response to needs identified by the educational organization. Education consultants, school administrators, R\u00c9CIT consultants at the school service centres and school boards, Indigenous community schools and Indigenous organizations involved in education that provide instructional services are invited to contact the Service national.<\/p>\n\n\n<div class=\"htb htb-boutton   default-margin-top  default-margin-bottom  htb-uid-7  \" >\n\t<a class=\"btn-link email\" href=\"mailto:pni@recit.gouv.qc.ca\" target=\"_blank\" title=\"pni@recit.gouv.qc.ca\"  >pni@recit.gouv.qc.ca<\/a>\n<\/div>\n\t<\/div>\n\n<\/div>\n\n\n<div class=\"htb htb-espacement-custom espacement-large-xx   default-margin-top  default-margin-bottom  htb-uid-8 \" ><\/div>\n\n<div class=\"wp-bootstrap-blocks-row row\">\n\t\n\n<div class=\"col-12 col-md-12\">\n\t\t\t\n<div class=\"htb htb-tuiles-ren   default-margin-top  default-margin-bottom  htb-uid-9 \">\n    <div class=\"container-xl p-0\">\n        <div class=\"row\">\n            <div class=\"col-12\">\n                <h2 class=\"title\">Discover resources<\/h2>                            <\/div>\n        <\/div>\n        <div class=\"row tuiles\">\n            <div class=\"itemLoopSingle col-12 col-md-4\" data-search-index=\"0\">\n    <a class=\"listingItemContainer\" href=\"https:\/\/ecoleouverte.ca\/en\/resources\/51377\" title=\"Le voeu du chef (W8banaki).\">\n        <div class=\"listing-item\">\n            <div class=\"image\">\n                <img decoding=\"async\" src=\"https:\/\/eo.koha.collecto.ca\/cgi-bin\/koha\/opac-image.pl?biblionumber=51377\" alt=\"Image repr\u00e9sentant la ressource\">\n            <\/div>\n                        <h3 class=\"title show-as-h5\">Le voeu du chef (W8banaki).<\/h3>\n            <div class=\"description\">\n                                \u00c9coutez la l\u00e9gende d&#8217;un Grand Chef v\u00e9n\u00e9r\u00e9 d\u2019un village W8banaki qui s&#8217;est fait offrir un voeu par le Cr\u00e9ateur. Compl\u00e9tez le visionnement avec un jeu et une activit\u00e9.            <\/div>\n            <hr>\n            <div class=\"itemLoopSingle-metas\">\n                                                        <div>\n                        <span class=\"koha-meta-label\">Grade levels:<\/span>                         <span class='koha-field'><span class='koha-field-value'>1re primaire | 2e primaire | 3e primaire | 4e primaire | 5e primaire<\/span><\/span>                    <\/div>\n                                                                            <div>\n                        <span class=\"koha-meta-label\">Subject:<\/span>                         <span class='koha-field'><span class='koha-field-value'>Fran\u00e7ais, langue d&#8217;enseignement<\/span><\/span>                    <\/div>\n                                                <\/div>\n        <\/div>\n    <\/a>\n<\/div>\n<div class=\"itemLoopSingle col-12 col-md-4\" data-search-index=\"0\">\n    <a class=\"listingItemContainer\" href=\"https:\/\/ecoleouverte.ca\/en\/resources\/43585\" title=\"Jeux Inuits au Secondaire = Secondary Inuit Games = \u1433\u1550\u1450\u14c2\u1550\u14f4\u14a5 \u1403\u14c4\u1403\u1466 \u1431\u1595\u1591\u140a\u1548\u14ef\u158f\u1466.\">\n        <div class=\"listing-item\">\n            <div class=\"image\">\n                <img decoding=\"async\" src=\"https:\/\/eo.koha.collecto.ca\/cgi-bin\/koha\/opac-image.pl?biblionumber=43585\" alt=\"Image repr\u00e9sentant la ressource\">\n            <\/div>\n                        <h3 class=\"title show-as-h5\">Jeux Inuits au Secondaire = Secondary Inuit Games = \u1433\u1550\u1450\u14c2\u1550\u14f4\u14a5 \u1403\u14c4\u1403\u1466 \u1431\u1595\u1591\u140a\u1548\u14ef\u158f\u1466.<\/h3>\n            <div class=\"description\">\n                                Les jeux Inuits sont tr\u00e8s importants chez les Nunavimmiut et d&#8217;autres communaut\u00e9s circumpolaires. En plus de leur dimension culturelle, les jeux Inuits sont un \u00e9l\u00e9ment cl\u00e9 de la survie sur le territoire et permettent aux Inuits maintenir force et endurance. Ils sont \u00e9galement une occasion de se rassembler. Ces 11 jeux Inuits, sous forme d&#8217;affiches et de vid\u00e9os, ont \u00e9t\u00e9 identifi\u00e9s comme \u00e9tant appropri\u00e9s pour les enfants du secondaire.            <\/div>\n            <hr>\n            <div class=\"itemLoopSingle-metas\">\n                                                        <div>\n                        <span class=\"koha-meta-label\">Grade levels:<\/span>                         <span class='koha-field'><span class='koha-field-value'>1re secondaire | 2e secondaire | 3e secondaire | 4e secondaire | 5e secondaire<\/span><\/span>                    <\/div>\n                                                                            <div>\n                        <span class=\"koha-meta-label\">Subject:<\/span>                         <span class='koha-field'><span class='koha-field-value'>\u00c9ducation physique et \u00e0 la sant\u00e9<\/span><\/span>                    <\/div>\n                                                <\/div>\n        <\/div>\n    <\/a>\n<\/div>\n<div class=\"itemLoopSingle col-12 col-md-4\" data-search-index=\"0\">\n    <a class=\"listingItemContainer\" href=\"https:\/\/ecoleouverte.ca\/en\/resources\/51379\" title=\"L'enfant adopt\u00e9 par les ours (W8banaki).\">\n        <div class=\"listing-item\">\n            <div class=\"image\">\n                <img decoding=\"async\" src=\"https:\/\/eo.koha.collecto.ca\/cgi-bin\/koha\/opac-image.pl?biblionumber=51379\" alt=\"Image repr\u00e9sentant la ressource\">\n            <\/div>\n                        <h3 class=\"title show-as-h5\">L&#8217;enfant adopt\u00e9 par les ours (W8banaki).<\/h3>\n            <div class=\"description\">\n                                \u00c9coutez la l\u00e9gende Namas, l&#8217;enfant disparu et adopt\u00e9 par des ours. Compl\u00e9tez le visionnement avec un jeu et une activit\u00e9.            <\/div>\n            <hr>\n            <div class=\"itemLoopSingle-metas\">\n                                                        <div>\n                        <span class=\"koha-meta-label\">Grade levels:<\/span>                         <span class='koha-field'><span class='koha-field-value'>1re primaire | 2e primaire | 3e primaire | 4e primaire | 5e primaire<\/span><\/span>                    <\/div>\n                                                                            <div>\n                        <span class=\"koha-meta-label\">Subject:<\/span>                         <span class='koha-field'><span class='koha-field-value'>Fran\u00e7ais, langue d&#8217;enseignement<\/span><\/span>                    <\/div>\n                                                <\/div>\n        <\/div>\n    <\/a>\n<\/div>\n        <\/div>\n        <div class=\"row\">\n            <div class=\"col-12\">\n                <div class=\"bts-box\">\n                    <a class='btn-link arrow-link' href='https:\/\/ecoleouverte.ca\/en\/resources\/search-results\/?themes[]=Peuples+autochtones'>Find out more<\/a>                <\/div>\n            <\/div>\n        <\/div>\n    <\/div>\n<\/div>\n\t<\/div>\n\n<\/div>\n\n\n<div class=\"wp-bootstrap-blocks-row row\">\n\t\n\n<div class=\"col-12 col-md-12\">\n\t\t\t\n\n\t<\/div>\n\n<\/div>\n\n\n\n\n<div class=\"wp-bootstrap-blocks-row row\">\n\t\n\n<div class=\"col-12 col-md-11\">\n\t\t\t\n\n\t<\/div>\n\n<\/div>\n\n\t<\/div>\n\n<\/div>\n\n<\/div>\n<\/div>","protected":false},"excerpt":{"rendered":"","protected":false},"author":7,"featured_media":0,"parent":0,"menu_order":0,"comment_status":"closed","ping_status":"closed","template":"","meta":{"_acf_changed":false,"inline_featured_image":false,"footnotes":""},"class_list":["post-987","page","type-page","status-publish","hentry"],"acf":[],"yoast_head":"<!-- This site is optimized with the Yoast SEO plugin v25.8 - https:\/\/yoast.com\/wordpress\/plugins\/seo\/ -->\n<title>First Nations and Inuit | L&#039;\u00c9cole ouverte<\/title>\n<meta name=\"robots\" content=\"index, follow, max-snippet:-1, max-image-preview:large, max-video-preview:-1\" \/>\n<link rel=\"canonical\" href=\"https:\/\/ecoleouverte.ca\/en\/first-nations-and-inuit\" \/>\n<meta property=\"og:locale\" content=\"en_US\" \/>\n<meta property=\"og:type\" content=\"article\" \/>\n<meta property=\"og:title\" content=\"First Nations and Inuit | L&#039;\u00c9cole ouverte\" \/>\n<meta property=\"og:url\" content=\"https:\/\/ecoleouverte.ca\/en\/first-nations-and-inuit\/\" \/>\n<meta property=\"og:site_name\" content=\"L&#039;\u00c9cole ouverte\" \/>\n<meta property=\"article:publisher\" content=\"https:\/\/www.facebook.com\/quebeceducation\" \/>\n<meta property=\"article:modified_time\" content=\"2026-04-23T18:25:26+00:00\" \/>\n<meta property=\"og:image\" content=\"https:\/\/ecoleouverte.ca\/wp-content\/uploads\/2025\/08\/ecole-ouverte-social.png\" \/>\n\t<meta property=\"og:image:width\" content=\"1200\" \/>\n\t<meta property=\"og:image:height\" content=\"675\" \/>\n\t<meta property=\"og:image:type\" content=\"image\/png\" \/>\n<meta name=\"twitter:card\" content=\"summary_large_image\" \/>\n<meta name=\"twitter:site\" content=\"@EducationQC\" \/>\n<meta name=\"twitter:label1\" content=\"Est. reading time\" \/>\n\t<meta name=\"twitter:data1\" content=\"2 minutes\" \/>\n<script type=\"application\/ld+json\" class=\"yoast-schema-graph\">{\"@context\":\"https:\/\/schema.org\",\"@graph\":[{\"@type\":\"WebPage\",\"@id\":\"https:\/\/ecoleouverte.ca\/en\/first-nations-and-inuit\/\",\"url\":\"https:\/\/ecoleouverte.ca\/en\/first-nations-and-inuit\/\",\"name\":\"First Nations and Inuit | L&#039;\u00c9cole ouverte\",\"isPartOf\":{\"@id\":\"https:\/\/ecoleouverte.ca\/en\/#website\"},\"datePublished\":\"2025-07-02T14:59:16+00:00\",\"dateModified\":\"2026-04-23T18:25:26+00:00\",\"breadcrumb\":{\"@id\":\"https:\/\/ecoleouverte.ca\/en\/first-nations-and-inuit\/#breadcrumb\"},\"inLanguage\":\"en-US\",\"potentialAction\":[{\"@type\":\"ReadAction\",\"target\":[\"https:\/\/ecoleouverte.ca\/en\/first-nations-and-inuit\/\"]}]},{\"@type\":\"BreadcrumbList\",\"@id\":\"https:\/\/ecoleouverte.ca\/en\/first-nations-and-inuit\/#breadcrumb\",\"itemListElement\":[{\"@type\":\"ListItem\",\"position\":1,\"name\":\"Home\",\"item\":\"https:\/\/ecoleouverte.ca\/en\/\"},{\"@type\":\"ListItem\",\"position\":2,\"name\":\"First Nations and Inuit\"}]},{\"@type\":\"WebSite\",\"@id\":\"https:\/\/ecoleouverte.ca\/en\/#website\",\"url\":\"https:\/\/ecoleouverte.ca\/en\/\",\"name\":\"L'\u00c9cole Ouverte\",\"description\":\"\",\"potentialAction\":[{\"@type\":\"SearchAction\",\"target\":{\"@type\":\"EntryPoint\",\"urlTemplate\":\"https:\/\/ecoleouverte.ca\/en\/?s={search_term_string}\"},\"query-input\":{\"@type\":\"PropertyValueSpecification\",\"valueRequired\":true,\"valueName\":\"search_term_string\"}}],\"inLanguage\":\"en-US\"}]}<\/script>\n<!-- \/ Yoast SEO plugin. -->","yoast_head_json":{"title":"First Nations and Inuit | L&#039;\u00c9cole ouverte","robots":{"index":"index","follow":"follow","max-snippet":"max-snippet:-1","max-image-preview":"max-image-preview:large","max-video-preview":"max-video-preview:-1"},"canonical":"https:\/\/ecoleouverte.ca\/en\/first-nations-and-inuit","og_locale":"en_US","og_type":"article","og_title":"First Nations and Inuit | L&#039;\u00c9cole ouverte","og_url":"https:\/\/ecoleouverte.ca\/en\/first-nations-and-inuit\/","og_site_name":"L&#039;\u00c9cole ouverte","article_publisher":"https:\/\/www.facebook.com\/quebeceducation","article_modified_time":"2026-04-23T18:25:26+00:00","og_image":[{"width":1200,"height":675,"url":"https:\/\/ecoleouverte.ca\/wp-content\/uploads\/2025\/08\/ecole-ouverte-social.png","type":"image\/png"}],"twitter_card":"summary_large_image","twitter_site":"@EducationQC","twitter_misc":{"Est. reading time":"2 minutes"},"schema":{"@context":"https:\/\/schema.org","@graph":[{"@type":"WebPage","@id":"https:\/\/ecoleouverte.ca\/en\/first-nations-and-inuit\/","url":"https:\/\/ecoleouverte.ca\/en\/first-nations-and-inuit\/","name":"First Nations and Inuit | L&#039;\u00c9cole ouverte","isPartOf":{"@id":"https:\/\/ecoleouverte.ca\/en\/#website"},"datePublished":"2025-07-02T14:59:16+00:00","dateModified":"2026-04-23T18:25:26+00:00","breadcrumb":{"@id":"https:\/\/ecoleouverte.ca\/en\/first-nations-and-inuit\/#breadcrumb"},"inLanguage":"en-US","potentialAction":[{"@type":"ReadAction","target":["https:\/\/ecoleouverte.ca\/en\/first-nations-and-inuit\/"]}]},{"@type":"BreadcrumbList","@id":"https:\/\/ecoleouverte.ca\/en\/first-nations-and-inuit\/#breadcrumb","itemListElement":[{"@type":"ListItem","position":1,"name":"Home","item":"https:\/\/ecoleouverte.ca\/en\/"},{"@type":"ListItem","position":2,"name":"First Nations and Inuit"}]},{"@type":"WebSite","@id":"https:\/\/ecoleouverte.ca\/en\/#website","url":"https:\/\/ecoleouverte.ca\/en\/","name":"L'\u00c9cole Ouverte","description":"","potentialAction":[{"@type":"SearchAction","target":{"@type":"EntryPoint","urlTemplate":"https:\/\/ecoleouverte.ca\/en\/?s={search_term_string}"},"query-input":{"@type":"PropertyValueSpecification","valueRequired":true,"valueName":"search_term_string"}}],"inLanguage":"en-US"}]}},"_links":{"self":[{"href":"https:\/\/ecoleouverte.ca\/en\/wp-json\/wp\/v2\/pages\/987","targetHints":{"allow":["GET"]}}],"collection":[{"href":"https:\/\/ecoleouverte.ca\/en\/wp-json\/wp\/v2\/pages"}],"about":[{"href":"https:\/\/ecoleouverte.ca\/en\/wp-json\/wp\/v2\/types\/page"}],"author":[{"embeddable":true,"href":"https:\/\/ecoleouverte.ca\/en\/wp-json\/wp\/v2\/users\/7"}],"replies":[{"embeddable":true,"href":"https:\/\/ecoleouverte.ca\/en\/wp-json\/wp\/v2\/comments?post=987"}],"version-history":[{"count":1,"href":"https:\/\/ecoleouverte.ca\/en\/wp-json\/wp\/v2\/pages\/987\/revisions"}],"predecessor-version":[{"id":988,"href":"https:\/\/ecoleouverte.ca\/en\/wp-json\/wp\/v2\/pages\/987\/revisions\/988"}],"wp:attachment":[{"href":"https:\/\/ecoleouverte.ca\/en\/wp-json\/wp\/v2\/media?parent=987"}],"curies":[{"name":"wp","href":"https:\/\/api.w.org\/{rel}","templated":true}]}}